{"id":273,"date":"2024-04-03T15:01:32","date_gmt":"2024-04-03T13:01:32","guid":{"rendered":"https:\/\/czystabrykadetailing.pl\/?page_id=273"},"modified":"2024-09-11T12:06:14","modified_gmt":"2024-09-11T10:06:14","slug":"audi-r8","status":"publish","type":"page","link":"https:\/\/czystabrykadetailing.pl\/?page_id=273","title":{"rendered":"Audi R8"},"content":{"rendered":"<p>[et_pb_section fb_built=&#8221;1&#8243; fullwidth=&#8221;on&#8221; _builder_version=&#8221;4.24.3&#8243; bottom_divider_style=&#8221;arrow&#8221; bottom_divider_color=&#8221;#ffffff&#8221; bottom_divider_height_tablet=&#8221;&#8221; bottom_divider_height_phone=&#8221;50px&#8221; bottom_divider_height_last_edited=&#8221;on|phone&#8221; animation_style=&#8221;slide&#8221; animation_direction=&#8221;top&#8221; animation_intensity_slide=&#8221;4%&#8221; global_colors_info=&#8221;{}&#8221;][et_pb_fullwidth_image src=&#8221;https:\/\/czystabrykadetailing.pl\/wp-content\/uploads\/2024\/06\/auto-detailing-audi-r8.png&#8221; title_text=&#8221;auto detailing audi r8&#8243; _builder_version=&#8221;4.25.1&#8243; global_colors_info=&#8221;{}&#8221;][\/et_pb_fullwidth_image][\/et_pb_section][et_pb_section fb_built=&#8221;1&#8243; admin_label=&#8221;Features&#8221; _builder_version=&#8221;4.16&#8243; custom_padding=&#8221;|||&#8221; global_colors_info=&#8221;{}&#8221;][et_pb_row _builder_version=&#8221;4.16&#8243; custom_margin=&#8221;-45px|auto||auto||&#8221; custom_padding=&#8221;9px||0px|0px||&#8221; global_colors_info=&#8221;{}&#8221;][et_pb_column type=&#8221;4_4&#8243; _builder_version=&#8221;4.16&#8243; custom_padding=&#8221;|||&#8221; global_colors_info=&#8221;{}&#8221; custom_padding__hover=&#8221;|||&#8221;][et_pb_text admin_label=&#8221;Title&#8221; _builder_version=&#8221;4.24.3&#8243; header_font=&#8221;||||||||&#8221; header_3_font=&#8221;Teko||||||||&#8221; header_3_font_size=&#8221;40px&#8221; header_3_line_height=&#8221;1.2em&#8221; custom_margin=&#8221;||15px|&#8221; border_color_all=&#8221;rgba(51,51,51,0.12)&#8221; border_width_bottom=&#8221;1px&#8221; global_colors_info=&#8221;{}&#8221;]<\/p>\n<h3>Audi R8<\/h3>\n<p>[\/et_pb_text][\/et_pb_column][\/et_pb_row][et_pb_row column_structure=&#8221;2_3,1_3&#8243; _builder_version=&#8221;4.16&#8243; custom_margin=&#8221;|||&#8221; custom_padding=&#8221;0|0px|27px|0px|false|false&#8221; global_colors_info=&#8221;{}&#8221;][et_pb_column type=&#8221;2_3&#8243; _builder_version=&#8221;4.16&#8243; custom_padding=&#8221;|||&#8221; global_colors_info=&#8221;{}&#8221; custom_padding__hover=&#8221;|||&#8221;][et_pb_text _builder_version=&#8221;4.16&#8243; text_font=&#8221;Lato||||||||&#8221; text_font_size=&#8221;18px&#8221; text_line_height=&#8221;1.8em&#8221; global_colors_info=&#8221;{}&#8221;]<\/p>\n<ul class=\"ul1\">\n<li class=\"li1\">Mycie detailingowe<\/li>\n<li class=\"li1\"><span class=\"s1\"><\/span>Detailing wn\u0119trza<\/li>\n<li class=\"li1\"><span class=\"s1\"><\/span>Detailing komory silnika<\/li>\n<li class=\"li1\"><span class=\"s1\"><\/span>Dwuetapowa korekta lakieru<\/li>\n<li class=\"li1\"><span class=\"s1\"><\/span>Aplikacja trzyletniej pow\u0142oki ceramicznej Aqua Coating 9H<\/li>\n<li class=\"li1\"><span class=\"s1\"><\/span>Aplikacja pow\u0142ok hydrofobowych na szyby<\/li>\n<li class=\"li1\"><span class=\"s1\"><\/span>Renowacja tapicerki sk\u00f3rzanej<\/li>\n<li class=\"li1\"><span class=\"s1\"><\/span>Demonta\u017c i naprawa uszkodzonych element\u00f3w carbonowych<\/li>\n<\/ul>\n<p>[\/et_pb_text][\/et_pb_column][et_pb_column type=&#8221;1_3&#8243; _builder_version=&#8221;4.16&#8243; custom_padding=&#8221;|||&#8221; global_colors_info=&#8221;{}&#8221; custom_padding__hover=&#8221;|||&#8221;][\/et_pb_column][\/et_pb_row][et_pb_row _builder_version=&#8221;4.24.3&#8243; _module_preset=&#8221;default&#8221; custom_padding=&#8221;||0px|||&#8221; global_colors_info=&#8221;{}&#8221;][et_pb_column type=&#8221;4_4&#8243; _builder_version=&#8221;4.24.3&#8243; _module_preset=&#8221;default&#8221; global_colors_info=&#8221;{}&#8221;][et_pb_gallery gallery_ids=&#8221;278,279,280,281&#8243; gallery_orderby=&#8221;rand&#8221; show_title_and_caption=&#8221;off&#8221; show_pagination=&#8221;off&#8221; _builder_version=&#8221;4.27.0&#8243; _module_preset=&#8221;default&#8221; pagination_text_align=&#8221;center&#8221; text_orientation=&#8221;center&#8221; border_radii=&#8221;on|8px|8px|8px|8px&#8221; global_colors_info=&#8221;{}&#8221;][\/et_pb_gallery][\/et_pb_column][\/et_pb_row][\/et_pb_section][et_pb_section fb_built=&#8221;1&#8243; _builder_version=&#8221;4.24.3&#8243; _module_preset=&#8221;default&#8221; custom_padding=&#8221;0px|||||&#8221; global_colors_info=&#8221;{}&#8221;][et_pb_row column_structure=&#8221;1_2,1_2&#8243; _builder_version=&#8221;4.24.3&#8243; _module_preset=&#8221;default&#8221; global_colors_info=&#8221;{}&#8221;][et_pb_column type=&#8221;1_2&#8243; _builder_version=&#8221;4.24.3&#8243; _module_preset=&#8221;default&#8221; global_colors_info=&#8221;{}&#8221;][et_pb_text _builder_version=&#8221;4.24.3&#8243; _module_preset=&#8221;default&#8221; text_font=&#8221;Oswald||||||||&#8221; header_text_align=&#8221;left&#8221; link_option_url=&#8221;https:\/\/czystabrykadetailing.pl\/?page_id=235&#8243; locked=&#8221;off&#8221; global_colors_info=&#8221;{}&#8221;]<\/p>\n<h2 class=\"et_pb_toggle_title\">BMW Z4<\/h2>\n<p>[\/et_pb_text][et_pb_icon font_icon=&#8221;&#x40;||divi||400&#8243; icon_width=&#8221;40px&#8221; url=&#8221;https:\/\/czystabrykadetailing.pl\/?page_id=235&#8243; align=&#8221;left&#8221; _builder_version=&#8221;4.24.3&#8243; _module_preset=&#8221;default&#8221; custom_margin=&#8221;-24px|||||&#8221; global_colors_info=&#8221;{}&#8221;][\/et_pb_icon][\/et_pb_column][et_pb_column type=&#8221;1_2&#8243; _builder_version=&#8221;4.24.3&#8243; _module_preset=&#8221;default&#8221; global_colors_info=&#8221;{}&#8221;][et_pb_text _builder_version=&#8221;4.27.0&#8243; _module_preset=&#8221;default&#8221; text_font=&#8221;Oswald||||||||&#8221; link_option_url=&#8221;https:\/\/czystabrykadetailing.pl\/?page_id=283&#8243; hover_enabled=&#8221;0&#8243; global_colors_info=&#8221;{}&#8221; sticky_enabled=&#8221;0&#8243;]<\/p>\n<h2 class=\"et_pb_toggle_title\" style=\"text-align: right;\">FIAT CINQUECENTO<\/h2>\n<p>[\/et_pb_text][et_pb_icon font_icon=&#8221;&#x41;||divi||400&#8243; icon_width=&#8221;40px&#8221; url=&#8221;https:\/\/czystabrykadetailing.pl\/?page_id=283&#8243; align=&#8221;right&#8221; _builder_version=&#8221;4.24.3&#8243; _module_preset=&#8221;default&#8221; custom_margin=&#8221;-24px|||||&#8221; global_colors_info=&#8221;{}&#8221;][\/et_pb_icon][\/et_pb_column][\/et_pb_row][\/et_pb_section]<\/p>\n","protected":false},"excerpt":{"rendered":"<p>Audi R8 Mycie detailingowe Detailing wn\u0119trza Detailing komory silnika Dwuetapowa korekta lakieru Aplikacja trzyletniej pow\u0142oki ceramicznej Aqua Coating 9H Aplikacja pow\u0142ok hydrofobowych na szyby Renowacja tapicerki sk\u00f3rzanej Demonta\u017c i naprawa uszkodzonych element\u00f3w carbonowych BMW Z4FIAT CINQUECENTO<\/p>\n","protected":false},"author":123460,"featured_media":0,"parent":0,"menu_order":0,"comment_status":"closed","ping_status":"closed","template":"","meta":{"_et_pb_use_builder":"on","_et_pb_old_content":"","_et_gb_content_width":"","footnotes":""},"class_list":["post-273","page","type-page","status-publish","hentry"],"_links":{"self":[{"href":"https:\/\/czystabrykadetailing.pl\/index.php?rest_route=\/wp\/v2\/pages\/273","targetHints":{"allow":["GET"]}}],"collection":[{"href":"https:\/\/czystabrykadetailing.pl\/index.php?rest_route=\/wp\/v2\/pages"}],"about":[{"href":"https:\/\/czystabrykadetailing.pl\/index.php?rest_route=\/wp\/v2\/types\/page"}],"author":[{"embeddable":true,"href":"https:\/\/czystabrykadetailing.pl\/index.php?rest_route=\/wp\/v2\/users\/123460"}],"replies":[{"embeddable":true,"href":"https:\/\/czystabrykadetailing.pl\/index.php?rest_route=%2Fwp%2Fv2%2Fcomments&post=273"}],"version-history":[{"count":8,"href":"https:\/\/czystabrykadetailing.pl\/index.php?rest_route=\/wp\/v2\/pages\/273\/revisions"}],"predecessor-version":[{"id":606,"href":"https:\/\/czystabrykadetailing.pl\/index.php?rest_route=\/wp\/v2\/pages\/273\/revisions\/606"}],"wp:attachment":[{"href":"https:\/\/czystabrykadetailing.pl\/index.php?rest_route=%2Fwp%2Fv2%2Fmedia&parent=273"}],"curies":[{"name":"wp","href":"https:\/\/api.w.org\/{rel}","templated":true}]}}